{"id":54307,"date":"2023-08-21T18:22:50","date_gmt":"2023-08-21T18:22:50","guid":{"rendered":"https:\/\/tannhausergsds.staring-into.space\/?page_id=54307"},"modified":"2023-08-28T21:31:35","modified_gmt":"2023-08-28T21:31:35","slug":"pedigree-ulla-von-der-friedersdorfer-flur","status":"publish","type":"page","link":"https:\/\/tannhausergsds.staring-into.space\/index.php\/litters-upcoming\/my-dogs\/pedigree-ulla-von-der-friedersdorfer-flur\/","title":{"rendered":"PEDIGREE &#8211; ULLA VON DER FRIEDERSDORFER FLUR"},"content":{"rendered":"<p>[et_pb_section fb_built=&#8221;1&#8243; admin_label=&#8221;Feature&#8221; _builder_version=&#8221;4.22.1&#8243; _module_preset=&#8221;default&#8221; background_color=&#8221;#B38146&#8243; width=&#8221;90%&#8221; max_width=&#8221;90%&#8221; module_alignment=&#8221;center&#8221; custom_margin=&#8221;1vw||-1vw||false|false&#8221; custom_padding=&#8221;||||false|false&#8221; border_color_all=&#8221;#B38146&#8243; collapsed=&#8221;off&#8221; global_colors_info=&#8221;{}&#8221;][et_pb_row admin_label=&#8221;Title Row&#8221; _builder_version=&#8221;4.22.0&#8243; _module_preset=&#8221;default&#8221; custom_margin=&#8221;-2vw||-2vw||true|false&#8221; locked=&#8221;off&#8221; global_colors_info=&#8221;{}&#8221;][et_pb_column type=&#8221;4_4&#8243; admin_label=&#8221;Title line &#8211; Dog&#8217;s name&#8221; _builder_version=&#8221;4.22.0&#8243; _module_preset=&#8221;default&#8221; global_colors_info=&#8221;{}&#8221;][et_pb_text admin_label=&#8221;Name&#8221; _builder_version=&#8221;4.22.1&#8243; _module_preset=&#8221;c16985e1-e0d6-4022-964d-e2bfc04fa633&#8243; header_font=&#8221;Playfair Display||||||||&#8221; header_text_align=&#8221;center&#8221; header_text_color=&#8221;#FFFFFF&#8221; header_font_size=&#8221;70px&#8221; header_line_height=&#8221;1.15em&#8221; header_font_size_tablet=&#8221;40px&#8221; header_font_size_phone=&#8221;24px&#8221; header_font_size_last_edited=&#8221;on|desktop&#8221; header_text_shadow_style=&#8221;preset1&#8243; header_text_shadow_vertical_length=&#8221;0.07em&#8221; header_text_shadow_blur_strength=&#8221;0.17em&#8221; header_text_shadow_color=&#8221;rgba(242,242,242,0.45)&#8221; global_colors_info=&#8221;{}&#8221;]<\/p>\n<h1>Ulla von der Friedersdorfer Flur<\/h1>\n<p>[\/et_pb_text][\/et_pb_column][\/et_pb_row][et_pb_row column_structure=&#8221;1_2,1_2&#8243; admin_label=&#8221;Main Info Row&#8221; _builder_version=&#8221;4.22.0&#8243; _module_preset=&#8221;default&#8221; custom_margin=&#8221;||-1vw||false|false&#8221; global_colors_info=&#8221;{}&#8221;][et_pb_column type=&#8221;1_2&#8243; _builder_version=&#8221;4.22.0&#8243; _module_preset=&#8221;default&#8221; global_colors_info=&#8221;{}&#8221;][et_pb_image src=&#8221;https:\/\/tannhausergsds.staring-into.space\/wp-content\/uploads\/2023\/08\/ulla-front.jpg&#8221; title_text=&#8221;ulla front&#8221; admin_label=&#8221;Dog Photo&#8221; _builder_version=&#8221;4.22.1&#8243; _module_preset=&#8221;default&#8221; border_width_all=&#8221;10px&#8221; border_color_all=&#8221;#FFFFFF&#8221; box_shadow_style=&#8221;preset3&#8243; box_shadow_blur=&#8221;40px&#8221; global_colors_info=&#8221;{}&#8221;][\/et_pb_image][et_pb_image src=&#8221;https:\/\/tannhausergsds.staring-into.space\/wp-content\/uploads\/2023\/08\/emblem.png&#8221; title_text=&#8221;Excellence Emblem&#8221; align=&#8221;right&#8221; _builder_version=&#8221;4.22.1&#8243; _module_preset=&#8221;default&#8221; custom_margin=&#8221;-9vw||||false|false&#8221; custom_padding=&#8221;|1vw|||false|false&#8221; hover_enabled=&#8221;0&#8243; global_colors_info=&#8221;{}&#8221; sticky_enabled=&#8221;0&#8243; custom_margin_last_edited=&#8221;on|tablet&#8221; custom_margin_tablet=&#8221;-17vw||||false|false&#8221; custom_padding_last_edited=&#8221;on|tablet&#8221; custom_padding_tablet=&#8221;|4vw|||false|false&#8221; max_width_last_edited=&#8221;on|phone&#8221; max_width_phone=&#8221;35%&#8221; custom_margin_phone=&#8221;-22vw||||false|false&#8221; custom_padding_phone=&#8221;|4vw|||false|false&#8221;][\/et_pb_image][\/et_pb_column][et_pb_column type=&#8221;1_2&#8243; _builder_version=&#8221;4.22.0&#8243; _module_preset=&#8221;default&#8221; global_colors_info=&#8221;{}&#8221;][et_pb_text admin_label=&#8221;Full Name and Title&#8221; _builder_version=&#8221;4.22.1&#8243; _module_preset=&#8221;default&#8221; header_4_font=&#8221;|800||on|||||&#8221; header_4_text_align=&#8221;center&#8221; header_4_text_color=&#8221;#FFFFFF&#8221; header_5_font=&#8221;|800|||||||&#8221; header_5_text_align=&#8221;center&#8221; header_5_text_color=&#8221;#535B6D&#8221; global_colors_info=&#8221;{}&#8221;]<\/p>\n<h4><strong>SG 1 Ulla von der Friedersorfer Flur <\/strong><strong>SchH 1, KKL 1, LBZ<br \/><\/strong><\/h4>\n<h4><strong>\u00a0<\/strong><\/h4>\n<h5><strong>OFA good, normal elbows<br \/><\/strong><\/h5>\n<p><strong><\/strong><\/p>\n<p>[\/et_pb_text][et_pb_text admin_label=&#8221;Story Text&#8221; _builder_version=&#8221;4.22.1&#8243; _module_preset=&#8221;default&#8221; text_text_color=&#8221;#FFFFFF&#8221; header_4_font=&#8221;|800|||||||&#8221; header_4_text_align=&#8221;center&#8221; header_4_text_color=&#8221;#B38146&#8243; custom_padding=&#8221;||0px|||&#8221; global_colors_info=&#8221;{}&#8221;]Ulla, born on November 25, 1994, was the beloved foundation female of Tannhauser German Shepherd Dogs. Her exceptional temperament and drive were evident traits that she passed on to her offspring. Ulla&#8217;s remarkable contributions to our breeding program included three beautiful litters before her retirement in 2000, all free from any hip, elbow, or other health concerns. Her daughter, Brenda vom Tanh\u00e4user, seamlessly continued her legacy, producing the next generation of extraordinary dogs. Ulla&#8217;s profound impact on our lives is deeply felt, and although she passed away at the age of 12 in 2006, her memory remains cherished. We express our utmost gratitude to Wolfgang Bienert of the Friedersdorfer Flur Kennel in Germany for his dedication and expertise in creating such a magnificent dog.[\/et_pb_text][\/et_pb_column][\/et_pb_row][\/et_pb_section][et_pb_section fb_built=&#8221;1&#8243; admin_label=&#8221;Feature&#8221; _builder_version=&#8221;4.20.0&#8243; _module_preset=&#8221;default&#8221; background_color=&#8221;#F2F2F2&#8243; width=&#8221;90%&#8221; max_width=&#8221;90%&#8221; module_alignment=&#8221;center&#8221; custom_margin=&#8221;1vw||2vw||false|false&#8221; custom_padding=&#8221;||||false|false&#8221; border_color_all=&#8221;#B38146&#8243; collapsed=&#8221;off&#8221; global_colors_info=&#8221;{}&#8221;][et_pb_row admin_label=&#8221;Pedigree Chart&#8221; _builder_version=&#8221;4.20.2&#8243; _module_preset=&#8221;default&#8221; global_colors_info=&#8221;{}&#8221;][et_pb_column type=&#8221;4_4&#8243; _builder_version=&#8221;4.20.2&#8243; _module_preset=&#8221;default&#8221; global_colors_info=&#8221;{}&#8221;][dvmd_table_maker tbl_title_mode=&#8221;on&#8221; tbl_title_text=&#8221;PEDIGREE&#8221; tbl_column_header_count=&#8221;0&#8243; tbl_row_header_count=&#8221;0&#8243; tbl_row_min_height=&#8221;52px&#8221; tbl_responsive_mode=&#8221;off&#8221; tbl_scrolling_active=&#8221;on&#8221; tbl_frame_gap_col=&#8221;0px&#8221; tbl_frame_gap_row=&#8221;0px&#8221; tbl_tcell_cell_color=&#8221;RGBA(255,255,255,0)&#8221; tbl_tcell_cell_align_horz=&#8221;left&#8221; tbl_chead_cell_color=&#8221;RGBA(255,255,255,0)&#8221; admin_label=&#8221;PEDIGREE CHART&#8221; _builder_version=&#8221;4.22.1&#8243; _module_preset=&#8221;default&#8221; tbl_title_font=&#8221;|800||on|||||&#8221; tbl_title_text_align=&#8221;center&#8221; tbl_title_text_color=&#8221;#B38146&#8243; tbl_title_font_size=&#8221;20px&#8221; tbl_chead_text_text_color=&#8221;#666666&#8243; tbl_rhead_text_text_color=&#8221;#666666&#8243; background_color=&#8221;#FFFFFF&#8221; custom_padding=&#8221;1vw|1vw|1vw|1vw|true|true&#8221; border_color_all_tbl_tcell_cell_border=&#8221;RGBA(255,255,255,0)&#8221; border_color_all_tbl_chead_cell_border=&#8221;RGBA(255,255,255,0)&#8221; box_shadow_style=&#8221;preset2&#8243; global_colors_info=&#8221;{}&#8221;][dvmd_table_maker_item col_label=&#8221;ULLA&#8221; col_content=&#8221;<\/p>\n<p><cell border-left=%222px inset #666666%22 border-top=%222px inset #666666%22 border-right=%222px inset #666666%22> <span style=%22color:#B38146; font-weight:800;%22>SG 1 Ulla von der Friedersdorfer Flur<\/span><\/cell><br \/>\n<cell border-left=%222px inset #666666%22 border-bottom=%222px inset #666666%22 border-right=%222px inset #666666%22>SchH 1, KKL 1, LBZ, OFA good, elbows normal<\/cell>&#8221; col_column_max_width=&#8221;25%&#8221; col_tcell_cell_color=&#8221;RGBA(255,255,255,0)&#8221; col_chead_cell_color=&#8221;RGBA(255,255,255,0)&#8221; col_rhead_cell_color=&#8221;RGBA(255,255,255,0)&#8221; _builder_version=&#8221;4.22.1&#8243; _module_preset=&#8221;default&#8221; col_tcell_text_text_color=&#8221;#666666&#8243; col_chead_text_text_color=&#8221;#666666&#8243; col_rhead_text_text_color=&#8221;#666666&#8243; border_color_all_col_tcell_cell_border=&#8221;RGBA(255,255,255,0)&#8221; border_color_all_col_chead_cell_border=&#8221;RGBA(255,255,255,0)&#8221; border_color_all_col_rhead_cell_border=&#8221;RGBA(255,255,255,0)&#8221; global_colors_info=&#8221;{}&#8221;][\/dvmd_table_maker_item][dvmd_table_maker_item col_label=&#8221;CONNECTING LINE&#8221; col_content=&#8221;<\/p>\n<p><cell border-bottom=%222px solid #666666%22> <\/cell>&#8221; col_column_max_width=&#8221;40px&#8221; col_column_min_width=&#8221;40px&#8221; _builder_version=&#8221;4.20.2&#8243; _module_preset=&#8221;default&#8221; global_colors_info=&#8221;{}&#8221;][\/dvmd_table_maker_item][dvmd_table_maker_item col_label=&#8221;VERTICAL LINE&#8221; col_content=&#8221;<\/p>\n<p><cell border-left=%222px solid #666666%22 border-top=%222px solid #666666%22> <\/cell><br \/>\n<cell border-left=%222px solid #666666%22> <\/cell><br \/>\n<cell border-left=%222px solid #666666%22> <\/cell><br \/>\n<cell border-left=%222px solid #666666%22> <\/cell><br \/>\n<cell border-left=%222px solid #666666%22> <\/cell><br \/>\n<cell border-left=%222px solid #666666%22> <\/cell><br \/>\n<cell border-left=%222px solid #666666%22> <\/cell><br \/>\n<cell border-left=%222px solid #666666%22 border-bottom=%222px solid #666666%22> <\/cell>&#8221; col_column_max_width=&#8221;40px&#8221; col_column_min_width=&#8221;40px&#8221; _builder_version=&#8221;4.20.2&#8243; _module_preset=&#8221;default&#8221; global_colors_info=&#8221;{}&#8221;][\/dvmd_table_maker_item][dvmd_table_maker_item col_label=&#8221;GEN 1&#8243; col_content=&#8221;<\/p>\n<p><cell border-top=%222px solid #666666%22 border-left=%222px solid #666666%22 border-right=%222px solid #666666%22>  <b>V Freddy von Arminius<\/b><\/cell><br \/>\n<cell border-left=%222px solid #666666%22 border-bottom=%222px solid #666666%22 border-right=%222px solid #666666%22>SchH 2, KKL 1a, LBZ<\/p>\n<p><cell border-top=%222px solid #666666%22 border-left=%222px solid #666666%22 border-right=%222px solid #666666%22><b>V Pinta von Batu<\/b><\/cell><br \/>\n<cell border-left=%222px solid #666666%22 border-bottom=%222px solid #666666%22 border-right=%222px solid #666666%22>SchH 1, KKL 1a, LBZ<\/cell>&#8221; col_tcell_cell_color=&#8221;RGBA(255,255,255,0)&#8221; col_chead_cell_color=&#8221;RGBA(255,255,255,0)&#8221; col_rhead_cell_color=&#8221;RGBA(255,255,255,0)&#8221; _builder_version=&#8221;4.22.1&#8243; _module_preset=&#8221;default&#8221; border_color_all_col_tcell_cell_border=&#8221;RGBA(255,255,255,0)&#8221; border_color_all_col_chead_cell_border=&#8221;RGBA(255,255,255,0)&#8221; border_color_all_col_rhead_cell_border=&#8221;RGBA(255,255,255,0)&#8221; global_colors_info=&#8221;{}&#8221;][\/dvmd_table_maker_item][dvmd_table_maker_item col_label=&#8221;CONNECTING LINES&#8221; col_content=&#8221;<\/p>\n<p><cell border-bottom=%222px solid #666666%22> <\/cell><\/p>\n<p><cell border-bottom=%222px solid #666666%22> <\/cell>&#8221; col_column_max_width=&#8221;40px&#8221; col_column_min_width=&#8221;40px&#8221; _builder_version=&#8221;4.20.2&#8243; _module_preset=&#8221;default&#8221; global_colors_info=&#8221;{}&#8221;][\/dvmd_table_maker_item][dvmd_table_maker_item col_label=&#8221;VERTICAL LINES&#8221; col_content=&#8221;<br \/>\n<cell border-left=%222px solid #666666%22 border-top=%222px solid #666666%22> <\/cell><br \/>\n<cell border-left=%222px solid #666666%22> <\/cell><br \/>\n<cell border-left=%222px solid #666666%22> <\/cell><br \/>\n<cell border-left=%222px solid #666666%22> <\/cell><br \/>\n<cell border-top=%222px solid #666666%22> <\/cell><\/p>\n<p><cell border-left=%222px solid #666666%22 border-top=%222px solid #666666%22> <\/cell><br \/>\n<cell border-left=%222px solid #666666%22> <\/cell><br \/>\n<cell border-left=%222px solid #666666%22> <\/cell><br \/>\n<cell border-left=%222px solid #666666%22 border-bottom=%222px solid #666666%22> <\/cell>&#8221; col_column_max_width=&#8221;40px&#8221; col_column_min_width=&#8221;40px&#8221; _builder_version=&#8221;4.20.2&#8243; _module_preset=&#8221;default&#8221; global_colors_info=&#8221;{}&#8221;][\/dvmd_table_maker_item][dvmd_table_maker_item col_label=&#8221;GEN 2&#8243; col_content=&#8221;<cell border-top=%222px solid #666666%22 border-left=%222px solid #666666%22 border-right=%222px solid #666666%22>  <b>V Cim vom Ecknachtal<\/b><\/cell><br \/>\n<cell border-left=%222px solid #666666%22 border-bottom=%222px solid #666666%22 border-right=%222px solid #666666%22>SchH 3, FH, IP 3, KKL 1a, LBZ<\/p>\n<p><cell border-top=%222px solid #666666%22 border-left=%222px solid #666666%22 border-right=%222px solid #666666%22><b>V Tonia von der Wienerau<\/b><\/cell><br \/>\n<cell border-left=%222px solid #666666%22 border-bottom=%222px solid #666666%22 border-right=%222px solid #666666%22>SchH 1, KKL 1a, LBZ<\/cell><\/p>\n<p><cell border-top=%222px solid #666666%22 border-left=%222px solid #666666%22 border-right=%222px solid #666666%22><b>V Joschy von der Wienerau<\/b><\/cell><br \/>\n<cell border-bottom=%222px solid #666666%22 border-left=%222px solid #666666%22 border-right=%222px solid #666666%22>SchH 3, KKL 1a, LBZ<\/cell><\/p>\n<p><cell border-top=%222px solid #666666%22 border-left=%222px solid #666666%22 border-right=%222px solid #666666%22> <b>V Usti von Batu<\/b><\/cell><br \/>\n<cell border-bottom=%222px solid #666666%22 border-left=%222px solid #666666%22 border-right=%222px solid #666666%22>SchH 2, KKL 1a, LBZ <\/cell>&#8221; _builder_version=&#8221;4.22.1&#8243; _module_preset=&#8221;default&#8221; global_colors_info=&#8221;{}&#8221;][\/dvmd_table_maker_item][\/dvmd_table_maker][dvmd_table_maker tbl_title_mode=&#8221;on&#8221; tbl_title_text=&#8221;ACRONYMS&#8221; tbl_column_header_count=&#8221;0&#8243; tbl_row_header_count=&#8221;0&#8243; tbl_chead_cell_color=&#8221;RGBA(255,255,255,0)&#8221; tbl_rhead_cell_color=&#8221;RGBA(255,255,255,0)&#8221; tbl_rfoot_cell_color=&#8221;RGBA(255,255,255,0)&#8221; disabled_on=&#8221;on|on|off&#8221; admin_label=&#8221;ACRONYM TABLE&#8221; _builder_version=&#8221;4.22.1&#8243; _module_preset=&#8221;default&#8221; tbl_title_font=&#8221;|800||on|||||&#8221; tbl_title_text_align=&#8221;center&#8221; tbl_title_text_color=&#8221;#B38146&#8243; tbl_title_font_size=&#8221;18px&#8221; tbl_title_letter_spacing=&#8221;1px&#8221; tbl_rfoot_text_text_color=&#8221;RGBA(255,255,255,0)&#8221; custom_margin=&#8221;10vw||||false|false&#8221; global_module=&#8221;53960&#8243; global_colors_info=&#8221;{}&#8221;][dvmd_table_maker_item col_label=&#8221;ACRONYMS&#8221; col_content=&#8221;%22a normal%22<br \/>\nED<br \/>\nHD<br \/>\nKKL<br \/>\nOFA<\/p>\n<p>\nBSZS<br \/>\nDK<br \/>\nLG<\/p>\n<p>\nB<br \/>\nSG<br \/>\nVA<br \/>\nV<\/p>\n<p>\nFH<br \/>\nGHKLR<br \/>\nHGH<br \/>\nIPO<br \/>\nLBZ<br \/>\nSchH<br \/>\nTSB<br \/>\nVPG<br \/>&#8221; col_column_max_width=&#8221;0vw&#8221; col_tcell_cell_color=&#8221;RGBA(255,255,255,0)&#8221; _builder_version=&#8221;4.22.1&#8243; _module_preset=&#8221;default&#8221; col_tcell_text_font=&#8221;|600|||||||&#8221; col_tcell_text_text_color=&#8221;#666666&#8243; col_tcell_text_font_size=&#8221;12px&#8221; border_color_all_col_tcell_cell_border=&#8221;RGBA(255,255,255,0)&#8221; global_colors_info=&#8221;{}&#8221;][\/dvmd_table_maker_item][dvmd_table_maker_item col_label=&#8221;DEFINITIONS&#8221; col_content=&#8221;%22a%22 is a German hip rating. %22a normal%22 corresponds to an OFA rating of Excellent to Good. %22a fast normal%22 corresponds to an OFA rating of Good to Fair. There are various ratings below these. The correspondance between the German, European and OFA rating systems is explained below the acronyms.<br \/>\nElbow dysplasia<br \/>\nHip displasia<br \/>\nGerman %22K\u00f6r Klasse%22 &#8211; %22K\u00f6r Class%22 in English is a breed survey (or K\u00f6r) level, this rating means the dog is suitable for breeding. A level of 1 indicates the dog exceeds minimum breeding requirements and is especially recommended for breeding. Level 2 indicates the dog meets minimum breeding requirements and is suitable for breeding. The ratings are awarded in an evaluation of the breed value of a dog for the improvement, preservation and advancement of the German Shepherd Dog breed. The evaluation is done at a specialized event called a K\u00f6rung (%22Licensing%22 in English).<br \/>\nOrthopedic Foundation for Animals, a private, non-profit foundation dedicated to improving the health and well-being of companion animals thru the reduction in the incidence of genetic disease. The relationship between the OFA rating system and the German is explained below the acronyms.<br \/>\nINTERNATIONAL SHOWS<br \/>\nGerman %22Bundessieger-Zuchtschau%22 &#8211; %22National Winner Breed Show%22 in English. An annual international dog show held in Germany. %22Sieger%22 is German for champion. This is the top competition and conformation show for German Shepherd Dogs.<br \/>\nNot sure what DK means except maybe Denmark?<br \/>\nGerman %22Landesgruppen%22 &#8211; %22National Groups%22 in English. There are local or regional shows held in Germany that are very large and much more difficult than similar competitions in other countries. These are called Landesgruppen and the number following the acronym is the place the dog achieved. In a huge class for example, LG25 or 25th is very good.<br \/>\nCONFORMATION RATINGS DEFINED<br \/>\nGerman, %22Begleithunde%22 &#8211; %22Companion Dogs%22 in English. Indicates the dog has passed the preliminary and prerequisite temperament and obedience test for a dog going on to get his\/her Schutzhund titles. B and BH are used interchangeably.<br \/>\nGerman %22Sehr Gute%22 &#8211; %22Very Good%22 in English. The number following the acronym indicates placement rank. This rating can only be achieved in a certified Sieger show. In such a show, a class of over 100 dogs would be divided into &#8216;rings&#8217; of around 25 dogs according to their evaluation. For example in this scenario, SG17 shows a dog&#8217;s a placement of 17th or in the first ring out of a total of four rings.<br \/>\nGerman %22Vorzuglich Auslese%22 &#8211; %22Excellent Selection%22 in English is the highest attainable award and it is a rating given only to ideal German Shepherd Dogs at a certified Sieger show. This rating can only be achieved at a German Sieger Show which are held once a year in Germany in the Fall. Dogs come from many different countries all over the world. The competition is stiff and a very very limited number of dogs are awarded a VA rating, perhaps only the top ten dogs out of all the entries.<br \/>\nGerman, %22Vorzuglich%22 &#8211; %22Excellent%22 in English. A rating where the number following indicates placement. 1 is first place.<br \/>\nCOMPETITION RATINGS DEFINED<br \/>\n%22Fahrtenhund%22 or %22Driving Dog%22 in English, this is a tracking qualification. Number indicates placement.<br \/>\nGerman %22Gebrauchs-Hund-KLasse R\u00fcden%22 &#8211; %22Working Dog Class Males%22 in English. Competition title, category winner.<br \/>\n%22Herdengebrauchshund%22 or %22Herding Utility Dog%22 in English. This is a regional herding competition.<br \/>\nInternational title equivalent to SchH. The level indicates the placement rank in the utility dog trial competition known as IGP (%22Internationale Gebrauchshunde Pr\u00fcfungsordnung or International Utility Dog Trial Regulations, previously as IPO %22Internationale Pr\u00fcfungs-Ordnung%22 or International Examination Regulations) which evaluates a dog&#8217;s tracking, obedience and protection skills and whether the dog has the appropriate traits and characteristics of a working dog. Levels awarded are IPO 1, 2 or 3 corresponding to novice, intermediate or masters trial qualification.<br \/>\nGerman %22Lebenzeit%22, in English &#8216;For Life&#8217;. When a dog gets a breed survey it is initially only good for 2 years then the dog must be presented again to make sure the first judge did not miss anything and that the second judge agrees that the dog should be left in the gene pool. The second judge can award the dog Lebenzeit status then the dog retains its breed survey for life.<br \/>\nGerman %22Schutzhund%22, in English %22Protection Dog%22. This was the designation used prior to the introduction of IPO. Levels awarded were SchH 1, 2, 3 or A corresponding to novice, intermediate, masters level trial qualification or a limited qualification without tracking.<br \/>\nGerman %22Triebveranlung, Selbstsicherheit und Belastbarkeit%22 meaning Drive, Self-Confidence and Ability to Handle Stress (as in a courage test). Rating levels are %22pronounced%22, %22sufficient%22 or %22insufficient%22.<br \/>\nGerman, %22Vielseitigkeitspr\u00fcfung f\u00fcr Gebrauchshunde%22 &#8211; %22Versatility Test for Working Dogs%22. This title is awarded by dog organizations other than the SV.&#8221; col_tcell_cell_color=&#8221;RGBA(255,255,255,0)&#8221; col_rhead_cell_color=&#8221;RGBA(255,255,255,0)&#8221; _builder_version=&#8221;4.22.1&#8243; _module_preset=&#8221;default&#8221; col_tcell_text_font_size=&#8221;10px&#8221; border_color_all_col_tcell_cell_border=&#8221;RGBA(255,255,255,0)&#8221; global_colors_info=&#8221;{}&#8221;][\/dvmd_table_maker_item][\/dvmd_table_maker][dvmd_table_maker tbl_title_mode=&#8221;on&#8221; tbl_title_text=&#8221;INTERNATIONAL HIP DISPLASIA RATINGS COMPARISON&#8221; tbl_description_mode=&#8221;on&#8221; tbl_description_text=&#8221;This table shows the approximate relationship between the Germany&#8217;s SV, Europe&#8217;s FCI and US&#8217; OFA organizational hip ratings. The UK\/Australia&#8217;s BVA (British Veterinary Association) has its own rating system that has not been included here because no Tannh\u00e4user dogs have been imported from countries using that rating system. The information in the table is from the OFA Hip International Ratings Matrix (https:\/\/ofa.org\/diseases\/hip-dysplasia\/hip-international-ratings-matrix\/). &#8221; tbl_row_header_count=&#8221;0&#8243; tbl_tcell_cell_color=&#8221;RGBA(255,255,255,0)&#8221; tbl_tcell_cell_align_horz=&#8221;center&#8221; tbl_tcell_cell_align_vert=&#8221;center&#8221; tbl_chead_cell_color=&#8221;RGBA(255,255,255,0)&#8221; tbl_chead_cell_align_horz=&#8221;center&#8221; tbl_chead_cell_align_vert=&#8221;center&#8221; tbl_rhead_cell_color=&#8221;RGBA(255,255,255,0)&#8221; disabled_on=&#8221;on|on|off&#8221; admin_label=&#8221;INTERNATIONAL RATINGS TABLE&#8221; _builder_version=&#8221;4.22.1&#8243; _module_preset=&#8221;default&#8221; tbl_title_level=&#8221;h3&#8243; tbl_title_font=&#8221;|800|||||||&#8221; tbl_title_text_align=&#8221;center&#8221; tbl_title_text_color=&#8221;#B38146&#8243; tbl_description_text_align=&#8221;left&#8221; tbl_description_text_color=&#8221;#666666&#8243; tbl_chead_text_font=&#8221;|800|||||||&#8221; tbl_chead_text_text_color=&#8221;#B38146&#8243; tbl_rhead_text_text_color=&#8221;#666666&#8243; custom_margin=&#8221;5vw||||false|false&#8221; global_module=&#8221;53952&#8243; saved_tabs=&#8221;all&#8221; global_colors_info=&#8221;{}&#8221;][dvmd_table_maker_item col_label=&#8221;SV (GERMAN)&#8221; col_content=&#8221;SV (GERMAN RATING SYSTEM)<br \/>\nNormal<br \/>\nNormal<br \/>\nNormal<br \/>\nFast Normal<br \/>\nNoch Zugelassen (%22Still Approved%22)<br \/>\nMittlere (%22Medium%22)<br \/>\nSchwere (%22Heavy%22)&#8221; col_tcell_cell_color=&#8221;RGBA(255,255,255,0)&#8221; col_tcell_cell_align_horz=&#8221;center&#8221; col_tcell_cell_align_vert=&#8221;center&#8221; col_chead_cell_color=&#8221;RGBA(255,255,255,0)&#8221; _builder_version=&#8221;4.22.0&#8243; _module_preset=&#8221;default&#8221; col_tcell_text_text_color=&#8221;#666666&#8243; col_chead_text_font=&#8221;|800||on|||||&#8221; col_chead_text_text_color=&#8221;#B38146&#8243; global_colors_info=&#8221;{}&#8221;][\/dvmd_table_maker_item][dvmd_table_maker_item col_label=&#8221;FCI (EUROPEAN)&#8221; col_content=&#8221;FCI (EUROPEAN RATING SYSTEM)<br \/>\nA-1<br \/>\nA-2<br \/>\nB-1<br \/>\nB-2<br \/>\nC<br \/>\nD<br \/>\nE&#8221; col_tcell_cell_color=&#8221;RGBA(255,255,255,0)&#8221; col_tcell_cell_align_horz=&#8221;center&#8221; col_tcell_cell_align_vert=&#8221;center&#8221; col_chead_cell_color=&#8221;RGBA(255,255,255,0)&#8221; _builder_version=&#8221;4.22.0&#8243; _module_preset=&#8221;default&#8221; col_tcell_text_text_color=&#8221;#666666&#8243; col_chead_text_font=&#8221;|800||on|||||&#8221; col_chead_text_text_color=&#8221;#B38146&#8243; global_colors_info=&#8221;{}&#8221;][\/dvmd_table_maker_item][dvmd_table_maker_item col_label=&#8221;OFA (US)&#8221; col_content=&#8221;OFA (US RATING SYSTEM)<br \/>\nExcellent<br \/>\nGood<br \/>\nFair<br \/>\nBorderline<br \/>\nMild<br \/>\nModerate<br \/>\nSevere&#8221; col_rhead_cell_color=&#8221;RGBA(255,255,255,0)&#8221; _builder_version=&#8221;4.22.0&#8243; _module_preset=&#8221;default&#8221; col_rhead_text_text_color=&#8221;#666666&#8243; global_colors_info=&#8221;{}&#8221;][\/dvmd_table_maker_item][\/dvmd_table_maker][\/et_pb_column][\/et_pb_row][\/et_pb_section]<\/p>\n","protected":false},"excerpt":{"rendered":"<p>Ulla von der Friedersdorfer FlurSG 1 Ulla von der Friedersorfer Flur SchH 1, KKL 1, LBZ \u00a0 OFA good, normal elbows Ulla, born on November 25, 1994, was the beloved foundation female of Tannhauser German Shepherd Dogs. Her exceptional temperament and drive were evident traits that she passed on to her offspring. Ulla&#8217;s remarkable contributions [&hellip;]<\/p>\n","protected":false},"author":1,"featured_media":0,"parent":2376,"menu_order":207,"comment_status":"closed","ping_status":"closed","template":"","meta":{"_et_pb_use_builder":"on","_et_pb_old_content":"","_et_gb_content_width":"","footnotes":""},"class_list":["post-54307","page","type-page","status-publish","hentry"],"_links":{"self":[{"href":"https:\/\/tannhausergsds.staring-into.space\/index.php\/wp-json\/wp\/v2\/pages\/54307","targetHints":{"allow":["GET"]}}],"collection":[{"href":"https:\/\/tannhausergsds.staring-into.space\/index.php\/wp-json\/wp\/v2\/pages"}],"about":[{"href":"https:\/\/tannhausergsds.staring-into.space\/index.php\/wp-json\/wp\/v2\/types\/page"}],"author":[{"embeddable":true,"href":"https:\/\/tannhausergsds.staring-into.space\/index.php\/wp-json\/wp\/v2\/users\/1"}],"replies":[{"embeddable":true,"href":"https:\/\/tannhausergsds.staring-into.space\/index.php\/wp-json\/wp\/v2\/comments?post=54307"}],"version-history":[{"count":12,"href":"https:\/\/tannhausergsds.staring-into.space\/index.php\/wp-json\/wp\/v2\/pages\/54307\/revisions"}],"predecessor-version":[{"id":54643,"href":"https:\/\/tannhausergsds.staring-into.space\/index.php\/wp-json\/wp\/v2\/pages\/54307\/revisions\/54643"}],"up":[{"embeddable":true,"href":"https:\/\/tannhausergsds.staring-into.space\/index.php\/wp-json\/wp\/v2\/pages\/2376"}],"wp:attachment":[{"href":"https:\/\/tannhausergsds.staring-into.space\/index.php\/wp-json\/wp\/v2\/media?parent=54307"}],"curies":[{"name":"wp","href":"https:\/\/api.w.org\/{rel}","templated":true}]}}